{"id":1369,"date":"2025-11-09T10:22:13","date_gmt":"2025-11-09T10:22:13","guid":{"rendered":"https:\/\/oriaforcada.com\/muestra1\/contact\/"},"modified":"2026-03-18T15:32:10","modified_gmt":"2026-03-18T15:32:10","slug":"contact","status":"publish","type":"page","link":"https:\/\/oriaforcada.com\/muestra1\/contact\/","title":{"rendered":"Contactar"},"content":{"rendered":"\n<div class=\"wp-block-uagb-container uagb-block-6c7acc9c alignfull uagb-is-root-container\"><div class=\"uagb-container-inner-blocks-wrap\">\n<div class=\"wp-block-uagb-info-box uagb-block-2bfeb886 uagb-infobox__content-wrap  uagb-infobox-icon-above-title uagb-infobox-image-valign-top wp-block-uagb-info-box--has-margin\"><div class=\"uagb-infobox-margin-wrapper\"><div class=\"uagb-ifb-content\"><div class=\"uagb-ifb-title-wrap\"><div class=\"uagb-ifb-separator\"><\/div><h1 class=\"uagb-ifb-title\">Contacte con nosotros para sus asuntos de familia<\/h1><\/div><p class=\"uagb-ifb-desc\">Estamos aqu\u00ed para resolver con confianza asuntos importantes.<\/p><\/div><\/div><\/div>\n<\/div><\/div>\n\n\n\n<div class=\"wp-block-uagb-container uagb-block-055500cb alignfull uagb-is-root-container\"><\/div>\n\n\n\n<div class=\"wp-block-uagb-container uagb-block-7cd91a23 alignfull uagb-is-root-container\"><div class=\"uagb-container-inner-blocks-wrap\">\n<div class=\"wp-block-uagb-container uagb-block-5ec73ccd\">\n<div class=\"wp-block-uagb-info-box uagb-block-5a67b573 uagb-infobox__content-wrap  uagb-infobox-icon-above-title uagb-infobox-image-valign-top\"><div class=\"uagb-ifb-content\"><div class=\"uagb-ifb-icon-wrap\"><svg xmlns=\"https:\/\/www.w3.org\/2000\/svg\" viewBox=\"0 0 512 512\"><path d=\"M447 56.25C443.5 42 430.7 31.1 416 31.1H96c-14.69 0-27.47 10-31.03 24.25L3.715 304.9C1.247 314.9 0 325.2 0 335.5v96.47c0 26.51 21.49 48 48 48h416c26.51 0 48-21.49 48-48v-96.47c0-10.32-1.247-20.6-3.715-30.61L447 56.25zM352 352H160L128 288H72.97L121 96h270l48.03 192H384L352 352z\"><\/path><\/svg><\/div><div class=\"uagb-ifb-title-wrap\"><h4 class=\"uagb-ifb-title\">Correo electr\u00f3nico<\/h4><\/div><p class=\"uagb-ifb-desc\">info@aciurana000.muestra<\/p><\/div><\/div>\n<\/div>\n\n\n\n<div class=\"wp-block-uagb-container uagb-block-3ca63887\">\n<div class=\"wp-block-uagb-info-box uagb-block-485cdca9 uagb-infobox__content-wrap  uagb-infobox-icon-above-title uagb-infobox-image-valign-top\"><div class=\"uagb-ifb-content\"><div class=\"uagb-ifb-icon-wrap\"><svg xmlns=\"https:\/\/www.w3.org\/2000\/svg\" viewBox=\"0 0 512 512\"><path d=\"M511.2 387l-23.25 100.8c-3.266 14.25-15.79 24.22-30.46 24.22C205.2 512 0 306.8 0 54.5c0-14.66 9.969-27.2 24.22-30.45l100.8-23.25C139.7-2.602 154.7 5.018 160.8 18.92l46.52 108.5c5.438 12.78 1.77 27.67-8.98 36.45L144.5 207.1c33.98 69.22 90.26 125.5 159.5 159.5l44.08-53.8c8.688-10.78 23.69-14.51 36.47-8.975l108.5 46.51C506.1 357.2 514.6 372.4 511.2 387z\"><\/path><\/svg><\/div><div class=\"uagb-ifb-title-wrap\"><h4 class=\"uagb-ifb-title\">Tel\u00e9fono<\/h4><\/div><p class=\"uagb-ifb-desc\">000 000 000<\/p><\/div><\/div>\n<\/div>\n\n\n\n<div class=\"wp-block-uagb-container uagb-block-1c80430d\">\n<div class=\"wp-block-uagb-info-box uagb-block-90b10fec uagb-infobox__content-wrap  uagb-infobox-icon-above-title uagb-infobox-image-valign-top\"><div class=\"uagb-ifb-content\"><div class=\"uagb-ifb-icon-wrap\"><svg xmlns=\"https:\/\/www.w3.org\/2000\/svg\" viewBox=\"0 0 384 512\"><path d=\"M168.3 499.2C116.1 435 0 279.4 0 192C0 85.96 85.96 0 192 0C298 0 384 85.96 384 192C384 279.4 267 435 215.7 499.2C203.4 514.5 180.6 514.5 168.3 499.2H168.3zM192 256C227.3 256 256 227.3 256 192C256 156.7 227.3 128 192 128C156.7 128 128 156.7 128 192C128 227.3 156.7 256 192 256z\"><\/path><\/svg><\/div><div class=\"uagb-ifb-title-wrap\"><h4 class=\"uagb-ifb-title\">Direcci\u00f3n<\/h4><\/div><p class=\"uagb-ifb-desc\">Lurum Corpe, 14, 4\u00ba 2\u00aa<br>Barcelona<\/p><\/div><\/div>\n<\/div>\n<\/div><\/div>\n\n\n\n<div class=\"wp-block-uagb-container uagb-block-ea618dc0 alignfull uagb-is-root-container\"><div class=\"uagb-container-inner-blocks-wrap\">\n<div class=\"wp-block-uagb-info-box uagb-block-176ea31a uagb-infobox__content-wrap  uagb-infobox-icon-above-title uagb-infobox-image-valign-top wp-block-uagb-info-box--has-margin\"><div class=\"uagb-infobox-margin-wrapper\"><div class=\"uagb-ifb-content\"><div class=\"uagb-ifb-title-wrap\"><div class=\"uagb-ifb-separator\"><\/div><h2 class=\"uagb-ifb-title\">Comentemos su caso<\/h2><\/div><p class=\"uagb-ifb-desc\">Reciba consejos de expertos que har\u00e1n su vida m\u00e1s f\u00e1cil.<\/p><\/div><\/div><\/div>\n\n\n\n<div class=\"wp-block-uagb-container uagb-block-9e488954\">\n<div class=\"wp-block-uagb-info-box uagb-block-32252f1d uagb-infobox__content-wrap  uagb-infobox-icon-above-title uagb-infobox-image-valign-top wp-block-uagb-info-box--has-margin\"><div class=\"uagb-infobox-margin-wrapper\"><div class=\"uagb-ifb-content\"><div class=\"uagb-ifb-title-wrap\"><div class=\"uagb-ifb-separator\"><\/div><h2 class=\"uagb-ifb-title\">Solicite una primera visita gratuita<\/h2><\/div><\/div><\/div><\/div>\n\n\n<p>[sureforms id=&#8217;2271&#8242;]<\/p>\n<\/div>\n<\/div><\/div>\n","protected":false},"excerpt":{"rendered":"","protected":false},"author":1,"featured_media":0,"parent":0,"menu_order":0,"comment_status":"closed","ping_status":"closed","template":"","meta":{"_uag_custom_page_level_css":"","site-sidebar-layout":"no-sidebar","site-content-layout":"plain-container","ast-site-content-layout":"normal-width-container","site-content-style":"unboxed","site-sidebar-style":"unboxed","ast-global-header-display":"","ast-banner-title-visibility":"","ast-main-header-display":"","ast-hfb-above-header-display":"","ast-hfb-below-header-display":"","ast-hfb-mobile-header-display":"","site-post-title":"disabled","ast-breadcrumbs-content":"","ast-featured-img":"disabled","footer-sml-layout":"","ast-disable-related-posts":"","theme-transparent-header-meta":"enabled","adv-header-id-meta":"","stick-header-meta":"","header-above-stick-meta":"","header-main-stick-meta":"","header-below-stick-meta":"","astra-migrate-meta-layouts":"set","ast-page-background-enabled":"default","ast-page-background-meta":{"desktop":{"background-color":"var(--ast-global-color-4)","background-image":"","background-repeat":"repeat","background-position":"center center","background-size":"auto","background-attachment":"scroll","background-type":"","background-media":"","overlay-type":"","overlay-color":"","overlay-opacity":"","overlay-gradient":""},"tablet":{"background-color":"","background-image":"","background-repeat":"repeat","background-position":"center center","background-size":"auto","background-attachment":"scroll","background-type":"","background-media":"","overlay-type":"","overlay-color":"","overlay-opacity":"","overlay-gradient":""},"mobile":{"background-color":"","background-image":"","background-repeat":"repeat","background-position":"center center","background-size":"auto","background-attachment":"scroll","background-type":"","background-media":"","overlay-type":"","overlay-color":"","overlay-opacity":"","overlay-gradient":""}},"ast-content-background-meta":{"desktop":{"background-color":"var(--ast-global-color-5)","background-image":"","background-repeat":"repeat","background-position":"center center","background-size":"auto","background-attachment":"scroll","background-type":"","background-media":"","overlay-type":"","overlay-color":"","overlay-opacity":"","overlay-gradient":""},"tablet":{"background-color":"var(--ast-global-color-5)","background-image":"","background-repeat":"repeat","background-position":"center center","background-size":"auto","background-attachment":"scroll","background-type":"","background-media":"","overlay-type":"","overlay-color":"","overlay-opacity":"","overlay-gradient":""},"mobile":{"background-color":"var(--ast-global-color-5)","background-image":"","background-repeat":"repeat","background-position":"center center","background-size":"auto","background-attachment":"scroll","background-type":"","background-media":"","overlay-type":"","overlay-color":"","overlay-opacity":"","overlay-gradient":""}},"footnotes":""},"class_list":["post-1369","page","type-page","status-publish","hentry"],"yoast_head":"<!-- This site is optimized with the Yoast SEO plugin v27.2 - https:\/\/yoast.com\/product\/yoast-seo-wordpress\/ -->\n<title>Contactar - Muestra: despacho abogados<\/title>\n<meta name=\"robots\" content=\"noindex, nofollow\" \/>\n<meta property=\"og:locale\" content=\"es_ES\" \/>\n<meta property=\"og:type\" content=\"article\" \/>\n<meta property=\"og:title\" content=\"Contactar - Muestra: despacho abogados\" \/>\n<meta property=\"og:url\" content=\"https:\/\/oriaforcada.com\/muestra1\/contact\/\" \/>\n<meta property=\"og:site_name\" content=\"Muestra: despacho abogados\" \/>\n<meta property=\"article:modified_time\" content=\"2026-03-18T15:32:10+00:00\" \/>\n<meta name=\"twitter:card\" content=\"summary_large_image\" \/>\n<meta name=\"twitter:label1\" content=\"Tiempo de lectura\" \/>\n\t<meta name=\"twitter:data1\" content=\"1 minuto\" \/>\n<script type=\"application\/ld+json\" class=\"yoast-schema-graph\">{\"@context\":\"https:\/\/schema.org\",\"@graph\":[{\"@type\":\"WebPage\",\"@id\":\"https:\/\/oriaforcada.com\/muestra1\/contact\/\",\"url\":\"https:\/\/oriaforcada.com\/muestra1\/contact\/\",\"name\":\"Contactar - Muestra: despacho abogados\",\"isPartOf\":{\"@id\":\"https:\/\/oriaforcada.com\/muestra1\/#website\"},\"datePublished\":\"2025-11-09T10:22:13+00:00\",\"dateModified\":\"2026-03-18T15:32:10+00:00\",\"breadcrumb\":{\"@id\":\"https:\/\/oriaforcada.com\/muestra1\/contact\/#breadcrumb\"},\"inLanguage\":\"es\",\"potentialAction\":[{\"@type\":\"ReadAction\",\"target\":[\"https:\/\/oriaforcada.com\/muestra1\/contact\/\"]}]},{\"@type\":\"BreadcrumbList\",\"@id\":\"https:\/\/oriaforcada.com\/muestra1\/contact\/#breadcrumb\",\"itemListElement\":[{\"@type\":\"ListItem\",\"position\":1,\"name\":\"Portada\",\"item\":\"https:\/\/oriaforcada.com\/muestra1\/\"},{\"@type\":\"ListItem\",\"position\":2,\"name\":\"Contactar\"}]},{\"@type\":\"WebSite\",\"@id\":\"https:\/\/oriaforcada.com\/muestra1\/#website\",\"url\":\"https:\/\/oriaforcada.com\/muestra1\/\",\"name\":\"Muestra: despacho abogados\",\"description\":\"P\u00e1gina web ficticia de muestra\",\"potentialAction\":[{\"@type\":\"SearchAction\",\"target\":{\"@type\":\"EntryPoint\",\"urlTemplate\":\"https:\/\/oriaforcada.com\/muestra1\/?s={search_term_string}\"},\"query-input\":{\"@type\":\"PropertyValueSpecification\",\"valueRequired\":true,\"valueName\":\"search_term_string\"}}],\"inLanguage\":\"es\"}]}<\/script>\n<!-- \/ Yoast SEO plugin. -->","yoast_head_json":{"title":"Contactar - Muestra: despacho abogados","robots":{"index":"noindex","follow":"nofollow"},"og_locale":"es_ES","og_type":"article","og_title":"Contactar - Muestra: despacho abogados","og_url":"https:\/\/oriaforcada.com\/muestra1\/contact\/","og_site_name":"Muestra: despacho abogados","article_modified_time":"2026-03-18T15:32:10+00:00","twitter_card":"summary_large_image","twitter_misc":{"Tiempo de lectura":"1 minuto"},"schema":{"@context":"https:\/\/schema.org","@graph":[{"@type":"WebPage","@id":"https:\/\/oriaforcada.com\/muestra1\/contact\/","url":"https:\/\/oriaforcada.com\/muestra1\/contact\/","name":"Contactar - Muestra: despacho abogados","isPartOf":{"@id":"https:\/\/oriaforcada.com\/muestra1\/#website"},"datePublished":"2025-11-09T10:22:13+00:00","dateModified":"2026-03-18T15:32:10+00:00","breadcrumb":{"@id":"https:\/\/oriaforcada.com\/muestra1\/contact\/#breadcrumb"},"inLanguage":"es","potentialAction":[{"@type":"ReadAction","target":["https:\/\/oriaforcada.com\/muestra1\/contact\/"]}]},{"@type":"BreadcrumbList","@id":"https:\/\/oriaforcada.com\/muestra1\/contact\/#breadcrumb","itemListElement":[{"@type":"ListItem","position":1,"name":"Portada","item":"https:\/\/oriaforcada.com\/muestra1\/"},{"@type":"ListItem","position":2,"name":"Contactar"}]},{"@type":"WebSite","@id":"https:\/\/oriaforcada.com\/muestra1\/#website","url":"https:\/\/oriaforcada.com\/muestra1\/","name":"Muestra: despacho abogados","description":"P\u00e1gina web ficticia de muestra","potentialAction":[{"@type":"SearchAction","target":{"@type":"EntryPoint","urlTemplate":"https:\/\/oriaforcada.com\/muestra1\/?s={search_term_string}"},"query-input":{"@type":"PropertyValueSpecification","valueRequired":true,"valueName":"search_term_string"}}],"inLanguage":"es"}]}},"uagb_featured_image_src":{"full":false,"thumbnail":false,"medium":false,"medium_large":false,"large":false,"1536x1536":false,"2048x2048":false},"uagb_author_info":{"display_name":"hola1","author_link":"https:\/\/oriaforcada.com\/muestra1\/author\/hola1\/"},"uagb_comment_info":0,"uagb_excerpt":null,"_links":{"self":[{"href":"https:\/\/oriaforcada.com\/muestra1\/wp-json\/wp\/v2\/pages\/1369","targetHints":{"allow":["GET"]}}],"collection":[{"href":"https:\/\/oriaforcada.com\/muestra1\/wp-json\/wp\/v2\/pages"}],"about":[{"href":"https:\/\/oriaforcada.com\/muestra1\/wp-json\/wp\/v2\/types\/page"}],"author":[{"embeddable":true,"href":"https:\/\/oriaforcada.com\/muestra1\/wp-json\/wp\/v2\/users\/1"}],"replies":[{"embeddable":true,"href":"https:\/\/oriaforcada.com\/muestra1\/wp-json\/wp\/v2\/comments?post=1369"}],"version-history":[{"count":11,"href":"https:\/\/oriaforcada.com\/muestra1\/wp-json\/wp\/v2\/pages\/1369\/revisions"}],"predecessor-version":[{"id":2438,"href":"https:\/\/oriaforcada.com\/muestra1\/wp-json\/wp\/v2\/pages\/1369\/revisions\/2438"}],"wp:attachment":[{"href":"https:\/\/oriaforcada.com\/muestra1\/wp-json\/wp\/v2\/media?parent=1369"}],"curies":[{"name":"wp","href":"https:\/\/api.w.org\/{rel}","templated":true}]}}