{"id":30,"date":"2025-11-21T10:33:53","date_gmt":"2025-11-21T10:33:53","guid":{"rendered":"https:\/\/oriaforcada.com\/muestra3\/home\/"},"modified":"2026-02-06T09:33:34","modified_gmt":"2026-02-06T09:33:34","slug":"home","status":"publish","type":"page","link":"https:\/\/oriaforcada.com\/muestra3\/","title":{"rendered":"inicio"},"content":{"rendered":"\t\t<div data-elementor-type=\"wp-page\" data-elementor-id=\"30\" class=\"elementor elementor-30\">\n\t\t\t\t<div class=\"elementor-element elementor-element-93a966b e-con-full e-flex e-con e-parent\" data-id=\"93a966b\" data-element_type=\"container\" data-e-type=\"container\" data-settings=\"{&quot;background_background&quot;:&quot;classic&quot;}\">\n\t\t<div class=\"elementor-element elementor-element-018abcf e-con-full e-flex e-con e-child\" data-id=\"018abcf\" data-element_type=\"container\" data-e-type=\"container\">\n\t\t\t\t<div class=\"elementor-element elementor-element-e3cf46e elementor-widget elementor-widget-heading\" data-id=\"e3cf46e\" data-element_type=\"widget\" data-e-type=\"widget\" data-widget_type=\"heading.default\">\n\t\t\t\t<div class=\"elementor-widget-container\">\n\t\t\t\t\t<h2 class=\"elementor-heading-title elementor-size-default\">Comprometidos con nuestros clientes<\/h2>\t\t\t\t<\/div>\n\t\t\t\t<\/div>\n\t\t\t\t<div class=\"elementor-element elementor-element-280a15b elementor-widget elementor-widget-hfe-infocard\" data-id=\"280a15b\" data-element_type=\"widget\" data-e-type=\"widget\" data-widget_type=\"hfe-infocard.default\">\n\t\t\t\t<div class=\"elementor-widget-container\">\n\t\t\t\t\t\n\t\t<div class=\"hfe-infocard\">\n\t\t\t\t\t\t\t\t\t<div class=\"hfe-infocard-title-wrap\">\n\t\t\t\t<h1 class=\"hfe-infocard-title elementor-inline-editing\" data-elementor-setting-key=\"infocard_title\" data-elementor-inline-editing-toolbar=\"basic\" >Abogados de confianza<\/h1>\t\t\t<\/div>\n\t\t\t\t\t\t<div class=\"hfe-infocard-text-wrap\">\n\t\t\t\t<div class=\"hfe-infocard-text elementor-inline-editing\" data-elementor-setting-key=\"infocard_description\" data-elementor-inline-editing-toolbar=\"advanced\">\n\t\t\t\t\t<p>Soluciones legales claras para momentos dif\u00edciles<\/p>\t\t\t\t<\/div>\n\t\t\t\t\t\t\t<\/div>\n\t\t<\/div>\n\n\t\t\t\t\t\t<\/div>\n\t\t\t\t<\/div>\n\t\t<div class=\"elementor-element elementor-element-4b31cda e-con-full e-flex e-con e-child\" data-id=\"4b31cda\" data-element_type=\"container\" data-e-type=\"container\">\n\t\t<div class=\"elementor-element elementor-element-ff6a699 e-con-full e-flex e-con e-child\" data-id=\"ff6a699\" data-element_type=\"container\" data-e-type=\"container\" data-settings=\"{&quot;background_background&quot;:&quot;classic&quot;}\">\n\t\t\t\t<div class=\"elementor-element elementor-element-d5b442c elementor-align-center elementor-mobile-align-center elementor-widget elementor-widget-button\" data-id=\"d5b442c\" data-element_type=\"widget\" data-e-type=\"widget\" data-widget_type=\"button.default\">\n\t\t\t\t<div class=\"elementor-widget-container\">\n\t\t\t\t\t\t\t\t\t<div class=\"elementor-button-wrapper\">\n\t\t\t\t\t<a class=\"elementor-button elementor-button-link elementor-size-lg\" href=\"#\">\n\t\t\t\t\t\t<span class=\"elementor-button-content-wrapper\">\n\t\t\t\t\t\t\t\t\t<span class=\"elementor-button-text\">Agendar primera visita<\/span>\n\t\t\t\t\t<\/span>\n\t\t\t\t\t<\/a>\n\t\t\t\t<\/div>\n\t\t\t\t\t\t\t\t<\/div>\n\t\t\t\t<\/div>\n\t\t\t\t<\/div>\n\t\t\t\t<\/div>\n\t\t\t\t<\/div>\n\t\t\t\t<\/div>\n\t\t<div class=\"elementor-element elementor-element-7ce0046 e-flex e-con-boxed e-con e-parent\" data-id=\"7ce0046\" data-element_type=\"container\" data-e-type=\"container\">\n\t\t\t\t\t<div class=\"e-con-inner\">\n\t\t<div class=\"elementor-element elementor-element-6eaedaf e-con-full e-flex e-con e-child\" data-id=\"6eaedaf\" data-element_type=\"container\" data-e-type=\"container\" data-settings=\"{&quot;background_background&quot;:&quot;classic&quot;}\">\n\t\t\t\t<div class=\"elementor-element elementor-element-9160df0 elementor-widget elementor-widget-heading\" data-id=\"9160df0\" data-element_type=\"widget\" data-e-type=\"widget\" data-widget_type=\"heading.default\">\n\t\t\t\t<div class=\"elementor-widget-container\">\n\t\t\t\t\t<h2 class=\"elementor-heading-title elementor-size-default\">Derecho de familia<\/h2>\t\t\t\t<\/div>\n\t\t\t\t<\/div>\n\t\t\t\t<\/div>\n\t\t<div class=\"elementor-element elementor-element-0a492be e-con-full e-flex e-con e-child\" data-id=\"0a492be\" data-element_type=\"container\" data-e-type=\"container\" data-settings=\"{&quot;background_background&quot;:&quot;classic&quot;}\">\n\t\t\t\t<div class=\"elementor-element elementor-element-4613dbb elementor-widget elementor-widget-heading\" data-id=\"4613dbb\" data-element_type=\"widget\" data-e-type=\"widget\" data-widget_type=\"heading.default\">\n\t\t\t\t<div class=\"elementor-widget-container\">\n\t\t\t\t\t<h2 class=\"elementor-heading-title elementor-size-default\">Derecho administrativo<\/h2>\t\t\t\t<\/div>\n\t\t\t\t<\/div>\n\t\t\t\t<\/div>\n\t\t<div class=\"elementor-element elementor-element-bd9d8f3 e-con-full e-flex e-con e-child\" data-id=\"bd9d8f3\" data-element_type=\"container\" data-e-type=\"container\" data-settings=\"{&quot;background_background&quot;:&quot;classic&quot;}\">\n\t\t\t\t<div class=\"elementor-element elementor-element-fd60125 elementor-widget elementor-widget-heading\" data-id=\"fd60125\" data-element_type=\"widget\" data-e-type=\"widget\" data-widget_type=\"heading.default\">\n\t\t\t\t<div class=\"elementor-widget-container\">\n\t\t\t\t\t<h2 class=\"elementor-heading-title elementor-size-default\">Derecho laboral<\/h2>\t\t\t\t<\/div>\n\t\t\t\t<\/div>\n\t\t\t\t<\/div>\n\t\t\t\t\t<\/div>\n\t\t\t\t<\/div>\n\t\t<div class=\"elementor-element elementor-element-47783e9 e-grid e-con-boxed e-con e-parent\" data-id=\"47783e9\" data-element_type=\"container\" data-e-type=\"container\">\n\t\t\t\t\t<div class=\"e-con-inner\">\n\t\t\t\t<div class=\"elementor-element elementor-element-2af7ddb elementor-widget elementor-widget-image\" data-id=\"2af7ddb\" data-element_type=\"widget\" data-e-type=\"widget\" data-widget_type=\"image.default\">\n\t\t\t\t<div class=\"elementor-widget-container\">\n\t\t\t\t\t\t\t\t\t\t\t\t\t\t\t<img fetchpriority=\"high\" decoding=\"async\" width=\"1024\" height=\"513\" src=\"https:\/\/oriaforcada.com\/muestra3\/wp-content\/uploads\/2025\/11\/portada-3-1024x513.jpg\" class=\"attachment-large size-large wp-image-1297\" alt=\"portada 3\" srcset=\"https:\/\/oriaforcada.com\/muestra3\/wp-content\/uploads\/2025\/11\/portada-3-1024x513.jpg 1024w, https:\/\/oriaforcada.com\/muestra3\/wp-content\/uploads\/2025\/11\/portada-3-300x150.jpg 300w, https:\/\/oriaforcada.com\/muestra3\/wp-content\/uploads\/2025\/11\/portada-3-768x385.jpg 768w, https:\/\/oriaforcada.com\/muestra3\/wp-content\/uploads\/2025\/11\/portada-3.jpg 1300w\" sizes=\"(max-width: 1024px) 100vw, 1024px\" \/>\t\t\t\t\t\t\t\t\t\t\t\t\t\t\t<\/div>\n\t\t\t\t<\/div>\n\t\t\t\t<div class=\"elementor-element elementor-element-1549e5e elementor-invisible elementor-widget elementor-widget-text-editor\" data-id=\"1549e5e\" data-element_type=\"widget\" data-e-type=\"widget\" data-settings=\"{&quot;_animation&quot;:&quot;zoomIn&quot;}\" data-widget_type=\"text-editor.default\">\n\t\t\t\t<div class=\"elementor-widget-container\">\n\t\t\t\t\t\t\t\t\t<h2><strong>Est\u00e1 en el lugar adecuado<\/strong><\/h2><p>Abogados Ciurana es un despacho de abogados especializado en Derecho de Familia, Derecho Administrativo y Derecho Laboral, integrado por dos profesionales con amplia experiencia.<\/p><p>Nuestro trabajo se centra en acompa\u00f1ar a cada cliente con cercan\u00eda, empat\u00eda y rigor jur\u00eddico.<\/p>\t\t\t\t\t\t\t\t<\/div>\n\t\t\t\t<\/div>\n\t\t<div class=\"elementor-element elementor-element-1d9a20b e-con-full e-flex e-con e-child\" data-id=\"1d9a20b\" data-element_type=\"container\" data-e-type=\"container\">\n\t\t\t\t<\/div>\n\t\t\t\t<div class=\"elementor-element elementor-element-d4f6408 elementor-widget elementor-widget-button\" data-id=\"d4f6408\" data-element_type=\"widget\" data-e-type=\"widget\" data-widget_type=\"button.default\">\n\t\t\t\t<div class=\"elementor-widget-container\">\n\t\t\t\t\t\t\t\t\t<div class=\"elementor-button-wrapper\">\n\t\t\t\t\t<a class=\"elementor-button elementor-button-link elementor-size-sm\" href=\"#\">\n\t\t\t\t\t\t<span class=\"elementor-button-content-wrapper\">\n\t\t\t\t\t\t\t\t\t<span class=\"elementor-button-text\">NUESTRA HISTORIA<\/span>\n\t\t\t\t\t<\/span>\n\t\t\t\t\t<\/a>\n\t\t\t\t<\/div>\n\t\t\t\t\t\t\t\t<\/div>\n\t\t\t\t<\/div>\n\t\t\t\t\t<\/div>\n\t\t\t\t<\/div>\n\t\t<div class=\"elementor-element elementor-element-93c824d e-grid e-con-boxed e-con e-parent\" data-id=\"93c824d\" data-element_type=\"container\" data-e-type=\"container\">\n\t\t\t\t\t<div class=\"e-con-inner\">\n\t\t\t\t<div class=\"elementor-element elementor-element-0d1f316 elementor-widget elementor-widget-image\" data-id=\"0d1f316\" data-element_type=\"widget\" data-e-type=\"widget\" data-widget_type=\"image.default\">\n\t\t\t\t<div class=\"elementor-widget-container\">\n\t\t\t\t\t\t\t\t\t\t\t\t\t\t\t<img decoding=\"async\" width=\"1000\" height=\"667\" src=\"https:\/\/oriaforcada.com\/muestra3\/wp-content\/uploads\/2025\/11\/apreton-manos.jpg\" class=\"attachment-large size-large wp-image-1302\" alt=\"apreton manos\" srcset=\"https:\/\/oriaforcada.com\/muestra3\/wp-content\/uploads\/2025\/11\/apreton-manos.jpg 1000w, https:\/\/oriaforcada.com\/muestra3\/wp-content\/uploads\/2025\/11\/apreton-manos-300x200.jpg 300w, https:\/\/oriaforcada.com\/muestra3\/wp-content\/uploads\/2025\/11\/apreton-manos-768x512.jpg 768w\" sizes=\"(max-width: 1000px) 100vw, 1000px\" \/>\t\t\t\t\t\t\t\t\t\t\t\t\t\t\t<\/div>\n\t\t\t\t<\/div>\n\t\t\t\t<div class=\"elementor-element elementor-element-e3b8711 elementor-invisible elementor-widget elementor-widget-text-editor\" data-id=\"e3b8711\" data-element_type=\"widget\" data-e-type=\"widget\" data-settings=\"{&quot;_animation&quot;:&quot;zoomIn&quot;}\" data-widget_type=\"text-editor.default\">\n\t\t\t\t<div class=\"elementor-widget-container\">\n\t\t\t\t\t\t\t\t\t<h2><strong>\u00bfQu\u00e9 nos hace distintos?<\/strong><\/h2><p>Respaldamos cada caso con un historial de resultados s\u00f3lidos, fruto del compromiso, la preparaci\u00f3n y la confianza en nuestros clientes.<\/p><p>Ofrecemos tarifas claras y sin sorpresas, con presupuestos detallados y adaptados a cada cliente.<\/p><p>Atendemos cada caso con dedicaci\u00f3n y cercan\u00eda, ofreciendo un trato personalizado y una comunicaci\u00f3n constante en cada momento.<\/p><p>Elegirnos significa contar con un equipo comprometido con su tranquilidad y los mejores resultados posibles.<\/p>\t\t\t\t\t\t\t\t<\/div>\n\t\t\t\t<\/div>\n\t\t<div class=\"elementor-element elementor-element-3ae80b6 e-con-full e-flex e-con e-child\" data-id=\"3ae80b6\" data-element_type=\"container\" data-e-type=\"container\">\n\t\t\t\t<\/div>\n\t\t\t\t<div class=\"elementor-element elementor-element-5fdbc81 elementor-widget elementor-widget-button\" data-id=\"5fdbc81\" data-element_type=\"widget\" data-e-type=\"widget\" data-widget_type=\"button.default\">\n\t\t\t\t<div class=\"elementor-widget-container\">\n\t\t\t\t\t\t\t\t\t<div class=\"elementor-button-wrapper\">\n\t\t\t\t\t<a class=\"elementor-button elementor-button-link elementor-size-sm\" href=\"#\">\n\t\t\t\t\t\t<span class=\"elementor-button-content-wrapper\">\n\t\t\t\t\t\t\t\t\t<span class=\"elementor-button-text\">agendar primera visita<\/span>\n\t\t\t\t\t<\/span>\n\t\t\t\t\t<\/a>\n\t\t\t\t<\/div>\n\t\t\t\t\t\t\t\t<\/div>\n\t\t\t\t<\/div>\n\t\t\t\t\t<\/div>\n\t\t\t\t<\/div>\n\t\t<div class=\"elementor-element elementor-element-2eb9879 e-flex e-con-boxed e-con e-parent\" data-id=\"2eb9879\" data-element_type=\"container\" data-e-type=\"container\">\n\t\t\t\t\t<div class=\"e-con-inner\">\n\t\t\t\t<div class=\"elementor-element elementor-element-540aa30 elementor-widget elementor-widget-heading\" data-id=\"540aa30\" data-element_type=\"widget\" data-e-type=\"widget\" data-widget_type=\"heading.default\">\n\t\t\t\t<div class=\"elementor-widget-container\">\n\t\t\t\t\t<h2 class=\"elementor-heading-title elementor-size-default\">Actualidad<\/h2>\t\t\t\t<\/div>\n\t\t\t\t<\/div>\n\t\t\t\t\t<\/div>\n\t\t\t\t<\/div>\n\t\t<div class=\"elementor-element elementor-element-bb798f7 e-flex e-con-boxed e-con e-parent\" data-id=\"bb798f7\" data-element_type=\"container\" data-e-type=\"container\">\n\t\t\t\t\t<div class=\"e-con-inner\">\n\t\t<div class=\"elementor-element elementor-element-95badc2 e-con-full e-flex elementor-invisible e-con e-child\" data-id=\"95badc2\" data-element_type=\"container\" data-e-type=\"container\" data-settings=\"{&quot;animation&quot;:&quot;zoomIn&quot;}\">\n\t\t\t\t<div class=\"elementor-element elementor-element-4e63a3e elementor-widget elementor-widget-heading\" data-id=\"4e63a3e\" data-element_type=\"widget\" data-e-type=\"widget\" data-widget_type=\"heading.default\">\n\t\t\t\t<div class=\"elementor-widget-container\">\n\t\t\t\t\t<h2 class=\"elementor-heading-title elementor-size-default\">Noticias<\/h2>\t\t\t\t<\/div>\n\t\t\t\t<\/div>\n\t\t\t\t<\/div>\n\t\t<div class=\"elementor-element elementor-element-00548bc e-con-full e-flex elementor-invisible e-con e-child\" data-id=\"00548bc\" data-element_type=\"container\" data-e-type=\"container\" data-settings=\"{&quot;animation&quot;:&quot;zoomIn&quot;}\">\n\t\t\t\t<div class=\"elementor-element elementor-element-05198bf elementor-widget elementor-widget-heading\" data-id=\"05198bf\" data-element_type=\"widget\" data-e-type=\"widget\" data-widget_type=\"heading.default\">\n\t\t\t\t<div class=\"elementor-widget-container\">\n\t\t\t\t\t<h2 class=\"elementor-heading-title elementor-size-default\">Conferencias<\/h2>\t\t\t\t<\/div>\n\t\t\t\t<\/div>\n\t\t\t\t<\/div>\n\t\t<div class=\"elementor-element elementor-element-5595a61 e-con-full e-flex elementor-invisible e-con e-child\" data-id=\"5595a61\" data-element_type=\"container\" data-e-type=\"container\" data-settings=\"{&quot;animation&quot;:&quot;zoomIn&quot;}\">\n\t\t\t\t<div class=\"elementor-element elementor-element-fd43c57 elementor-widget elementor-widget-heading\" data-id=\"fd43c57\" data-element_type=\"widget\" data-e-type=\"widget\" data-widget_type=\"heading.default\">\n\t\t\t\t<div class=\"elementor-widget-container\">\n\t\t\t\t\t<h2 class=\"elementor-heading-title elementor-size-default\">Blog<\/h2>\t\t\t\t<\/div>\n\t\t\t\t<\/div>\n\t\t\t\t<\/div>\n\t\t\t\t\t<\/div>\n\t\t\t\t<\/div>\n\t\t<div class=\"elementor-element elementor-element-646fd29 e-flex e-con-boxed e-con e-parent\" data-id=\"646fd29\" data-element_type=\"container\" data-e-type=\"container\" data-settings=\"{&quot;background_background&quot;:&quot;classic&quot;}\">\n\t\t\t\t\t<div class=\"e-con-inner\">\n\t\t<div class=\"elementor-element elementor-element-6176f6c e-con-full e-flex elementor-invisible e-con e-child\" data-id=\"6176f6c\" data-element_type=\"container\" data-e-type=\"container\" data-settings=\"{&quot;animation&quot;:&quot;zoomIn&quot;,&quot;background_background&quot;:&quot;classic&quot;}\">\n\t\t\t\t<div class=\"elementor-element elementor-element-5ecd61a elementor-widget elementor-widget-heading\" data-id=\"5ecd61a\" data-element_type=\"widget\" data-e-type=\"widget\" data-widget_type=\"heading.default\">\n\t\t\t\t<div class=\"elementor-widget-container\">\n\t\t\t\t\t<h2 class=\"elementor-heading-title elementor-size-default\">Descargue nuestra gu\u00eda gratuita: <\/h2>\t\t\t\t<\/div>\n\t\t\t\t<\/div>\n\t\t\t\t<\/div>\n\t\t<div class=\"elementor-element elementor-element-3928220 e-con-full e-flex elementor-invisible e-con e-child\" data-id=\"3928220\" data-element_type=\"container\" data-e-type=\"container\" data-settings=\"{&quot;animation&quot;:&quot;zoomIn&quot;}\">\n\t\t\t\t<div class=\"elementor-element elementor-element-81f5b89 elementor-widget elementor-widget-image\" data-id=\"81f5b89\" data-element_type=\"widget\" data-e-type=\"widget\" data-widget_type=\"image.default\">\n\t\t\t\t<div class=\"elementor-widget-container\">\n\t\t\t\t\t\t\t\t\t\t\t\t\t\t\t<img decoding=\"async\" width=\"1080\" height=\"1080\" src=\"https:\/\/oriaforcada.com\/muestra3\/wp-content\/uploads\/2025\/11\/descarga-gratuita-muestra3.jpg\" class=\"attachment-large size-large wp-image-1465\" alt=\"\" srcset=\"https:\/\/oriaforcada.com\/muestra3\/wp-content\/uploads\/2025\/11\/descarga-gratuita-muestra3.jpg 1080w, https:\/\/oriaforcada.com\/muestra3\/wp-content\/uploads\/2025\/11\/descarga-gratuita-muestra3-768x768.jpg 768w\" sizes=\"(max-width: 1080px) 100vw, 1080px\" \/>\t\t\t\t\t\t\t\t\t\t\t\t\t\t\t<\/div>\n\t\t\t\t<\/div>\n\t\t\t\t<\/div>\n\t\t\t\t\t<\/div>\n\t\t\t\t<\/div>\n\t\t\t\t<\/div>\n\t\t","protected":false},"excerpt":{"rendered":"<p>Comprometidos con nuestros clientes Abogados de confianza Soluciones legales claras para momentos dif\u00edciles Agendar primera visita Derecho de familia Derecho administrativo Derecho laboral Est\u00e1 en el lugar adecuado Abogados Ciurana es un despacho de abogados especializado en Derecho de Familia, Derecho Administrativo y Derecho Laboral, integrado por dos profesionales con amplia experiencia. Nuestro trabajo se [&hellip;]<\/p>\n","protected":false},"author":1,"featured_media":0,"parent":0,"menu_order":0,"comment_status":"closed","ping_status":"closed","template":"","meta":{"site-sidebar-layout":"no-sidebar","site-content-layout":"page-builder","ast-site-content-layout":"full-width-container","site-content-style":"unboxed","site-sidebar-style":"unboxed","ast-global-header-display":"","ast-banner-title-visibility":"","ast-main-header-display":"","ast-hfb-above-header-display":"","ast-hfb-below-header-display":"","ast-hfb-mobile-header-display":"","site-post-title":"disabled","ast-breadcrumbs-content":"","ast-featured-img":"","footer-sml-layout":"","ast-disable-related-posts":"","theme-transparent-header-meta":"enabled","adv-header-id-meta":"","stick-header-meta":"","header-above-stick-meta":"","header-main-stick-meta":"","header-below-stick-meta":"","astra-migrate-meta-layouts":"set","ast-page-background-enabled":"default","ast-page-background-meta":{"desktop":{"background-color":"","background-image":"","background-repeat":"repeat","background-position":"center center","background-size":"auto","background-attachment":"scroll","background-type":"","background-media":"","overlay-type":"","overlay-color":"","overlay-opacity":"","overlay-gradient":""},"tablet":{"background-color":"","background-image":"","background-repeat":"repeat","background-position":"center center","background-size":"auto","background-attachment":"scroll","background-type":"","background-media":"","overlay-type":"","overlay-color":"","overlay-opacity":"","overlay-gradient":""},"mobile":{"background-color":"","background-image":"","background-repeat":"repeat","background-position":"center center","background-size":"auto","background-attachment":"scroll","background-type":"","background-media":"","overlay-type":"","overlay-color":"","overlay-opacity":"","overlay-gradient":""}},"ast-content-background-meta":{"desktop":{"background-color":"var(--ast-global-color-5)","background-image":"","background-repeat":"repeat","background-position":"center center","background-size":"auto","background-attachment":"scroll","background-type":"","background-media":"","overlay-type":"","overlay-color":"","overlay-opacity":"","overlay-gradient":""},"tablet":{"background-color":"var(--ast-global-color-5)","background-image":"","background-repeat":"repeat","background-position":"center center","background-size":"auto","background-attachment":"scroll","background-type":"","background-media":"","overlay-type":"","overlay-color":"","overlay-opacity":"","overlay-gradient":""},"mobile":{"background-color":"var(--ast-global-color-5)","background-image":"","background-repeat":"repeat","background-position":"center center","background-size":"auto","background-attachment":"scroll","background-type":"","background-media":"","overlay-type":"","overlay-color":"","overlay-opacity":"","overlay-gradient":""}},"footnotes":""},"class_list":["post-30","page","type-page","status-publish","hentry"],"yoast_head":"<!-- This site is optimized with the Yoast SEO plugin v27.2 - https:\/\/yoast.com\/product\/yoast-seo-wordpress\/ -->\n<title>inicio - Abogados Ciurana<\/title>\n<meta name=\"robots\" content=\"noindex, nofollow\" \/>\n<meta property=\"og:locale\" content=\"es_ES\" \/>\n<meta property=\"og:type\" content=\"article\" \/>\n<meta property=\"og:title\" content=\"inicio - Abogados Ciurana\" \/>\n<meta property=\"og:description\" content=\"Comprometidos con nuestros clientes Abogados de confianza Soluciones legales claras para momentos dif\u00edciles Agendar primera visita Derecho de familia Derecho administrativo Derecho laboral Est\u00e1 en el lugar adecuado Abogados Ciurana es un despacho de abogados especializado en Derecho de Familia, Derecho Administrativo y Derecho Laboral, integrado por dos profesionales con amplia experiencia. Nuestro trabajo se [&hellip;]\" \/>\n<meta property=\"og:url\" content=\"https:\/\/oriaforcada.com\/muestra3\/\" \/>\n<meta property=\"og:site_name\" content=\"Abogados Ciurana\" \/>\n<meta property=\"article:modified_time\" content=\"2026-02-06T09:33:34+00:00\" \/>\n<meta property=\"og:image\" content=\"https:\/\/oriaforcada.com\/muestra3\/wp-content\/uploads\/2025\/11\/portada-3-1024x513.jpg\" \/>\n<meta name=\"twitter:card\" content=\"summary_large_image\" \/>\n<meta name=\"twitter:label1\" content=\"Tiempo de lectura\" \/>\n\t<meta name=\"twitter:data1\" content=\"2 minutos\" \/>\n<script type=\"application\/ld+json\" class=\"yoast-schema-graph\">{\"@context\":\"https:\/\/schema.org\",\"@graph\":[{\"@type\":\"WebPage\",\"@id\":\"https:\/\/oriaforcada.com\/muestra3\/\",\"url\":\"https:\/\/oriaforcada.com\/muestra3\/\",\"name\":\"inicio - Abogados Ciurana\",\"isPartOf\":{\"@id\":\"https:\/\/oriaforcada.com\/muestra3\/#website\"},\"primaryImageOfPage\":{\"@id\":\"https:\/\/oriaforcada.com\/muestra3\/#primaryimage\"},\"image\":{\"@id\":\"https:\/\/oriaforcada.com\/muestra3\/#primaryimage\"},\"thumbnailUrl\":\"https:\/\/oriaforcada.com\/muestra3\/wp-content\/uploads\/2025\/11\/portada-3-1024x513.jpg\",\"datePublished\":\"2025-11-21T10:33:53+00:00\",\"dateModified\":\"2026-02-06T09:33:34+00:00\",\"breadcrumb\":{\"@id\":\"https:\/\/oriaforcada.com\/muestra3\/#breadcrumb\"},\"inLanguage\":\"es\",\"potentialAction\":[{\"@type\":\"ReadAction\",\"target\":[\"https:\/\/oriaforcada.com\/muestra3\/\"]}]},{\"@type\":\"ImageObject\",\"inLanguage\":\"es\",\"@id\":\"https:\/\/oriaforcada.com\/muestra3\/#primaryimage\",\"url\":\"https:\/\/oriaforcada.com\/muestra3\/wp-content\/uploads\/2025\/11\/portada-3.jpg\",\"contentUrl\":\"https:\/\/oriaforcada.com\/muestra3\/wp-content\/uploads\/2025\/11\/portada-3.jpg\",\"width\":1300,\"height\":651,\"caption\":\"portada 3\"},{\"@type\":\"BreadcrumbList\",\"@id\":\"https:\/\/oriaforcada.com\/muestra3\/#breadcrumb\",\"itemListElement\":[{\"@type\":\"ListItem\",\"position\":1,\"name\":\"Portada\",\"item\":\"https:\/\/oriaforcada.com\/muestra3\/\"},{\"@type\":\"ListItem\",\"position\":2,\"name\":\"inicio\"}]},{\"@type\":\"WebSite\",\"@id\":\"https:\/\/oriaforcada.com\/muestra3\/#website\",\"url\":\"https:\/\/oriaforcada.com\/muestra3\/\",\"name\":\"Abogados Ciurana\",\"description\":\"\",\"potentialAction\":[{\"@type\":\"SearchAction\",\"target\":{\"@type\":\"EntryPoint\",\"urlTemplate\":\"https:\/\/oriaforcada.com\/muestra3\/?s={search_term_string}\"},\"query-input\":{\"@type\":\"PropertyValueSpecification\",\"valueRequired\":true,\"valueName\":\"search_term_string\"}}],\"inLanguage\":\"es\"}]}<\/script>\n<!-- \/ Yoast SEO plugin. -->","yoast_head_json":{"title":"inicio - Abogados Ciurana","robots":{"index":"noindex","follow":"nofollow"},"og_locale":"es_ES","og_type":"article","og_title":"inicio - Abogados Ciurana","og_description":"Comprometidos con nuestros clientes Abogados de confianza Soluciones legales claras para momentos dif\u00edciles Agendar primera visita Derecho de familia Derecho administrativo Derecho laboral Est\u00e1 en el lugar adecuado Abogados Ciurana es un despacho de abogados especializado en Derecho de Familia, Derecho Administrativo y Derecho Laboral, integrado por dos profesionales con amplia experiencia. Nuestro trabajo se [&hellip;]","og_url":"https:\/\/oriaforcada.com\/muestra3\/","og_site_name":"Abogados Ciurana","article_modified_time":"2026-02-06T09:33:34+00:00","og_image":[{"url":"https:\/\/oriaforcada.com\/muestra3\/wp-content\/uploads\/2025\/11\/portada-3-1024x513.jpg","type":"","width":"","height":""}],"twitter_card":"summary_large_image","twitter_misc":{"Tiempo de lectura":"2 minutos"},"schema":{"@context":"https:\/\/schema.org","@graph":[{"@type":"WebPage","@id":"https:\/\/oriaforcada.com\/muestra3\/","url":"https:\/\/oriaforcada.com\/muestra3\/","name":"inicio - Abogados Ciurana","isPartOf":{"@id":"https:\/\/oriaforcada.com\/muestra3\/#website"},"primaryImageOfPage":{"@id":"https:\/\/oriaforcada.com\/muestra3\/#primaryimage"},"image":{"@id":"https:\/\/oriaforcada.com\/muestra3\/#primaryimage"},"thumbnailUrl":"https:\/\/oriaforcada.com\/muestra3\/wp-content\/uploads\/2025\/11\/portada-3-1024x513.jpg","datePublished":"2025-11-21T10:33:53+00:00","dateModified":"2026-02-06T09:33:34+00:00","breadcrumb":{"@id":"https:\/\/oriaforcada.com\/muestra3\/#breadcrumb"},"inLanguage":"es","potentialAction":[{"@type":"ReadAction","target":["https:\/\/oriaforcada.com\/muestra3\/"]}]},{"@type":"ImageObject","inLanguage":"es","@id":"https:\/\/oriaforcada.com\/muestra3\/#primaryimage","url":"https:\/\/oriaforcada.com\/muestra3\/wp-content\/uploads\/2025\/11\/portada-3.jpg","contentUrl":"https:\/\/oriaforcada.com\/muestra3\/wp-content\/uploads\/2025\/11\/portada-3.jpg","width":1300,"height":651,"caption":"portada 3"},{"@type":"BreadcrumbList","@id":"https:\/\/oriaforcada.com\/muestra3\/#breadcrumb","itemListElement":[{"@type":"ListItem","position":1,"name":"Portada","item":"https:\/\/oriaforcada.com\/muestra3\/"},{"@type":"ListItem","position":2,"name":"inicio"}]},{"@type":"WebSite","@id":"https:\/\/oriaforcada.com\/muestra3\/#website","url":"https:\/\/oriaforcada.com\/muestra3\/","name":"Abogados Ciurana","description":"","potentialAction":[{"@type":"SearchAction","target":{"@type":"EntryPoint","urlTemplate":"https:\/\/oriaforcada.com\/muestra3\/?s={search_term_string}"},"query-input":{"@type":"PropertyValueSpecification","valueRequired":true,"valueName":"search_term_string"}}],"inLanguage":"es"}]}},"_hostinger_reach_plugin_has_subscription_block":false,"_hostinger_reach_plugin_is_elementor":false,"_links":{"self":[{"href":"https:\/\/oriaforcada.com\/muestra3\/wp-json\/wp\/v2\/pages\/30","targetHints":{"allow":["GET"]}}],"collection":[{"href":"https:\/\/oriaforcada.com\/muestra3\/wp-json\/wp\/v2\/pages"}],"about":[{"href":"https:\/\/oriaforcada.com\/muestra3\/wp-json\/wp\/v2\/types\/page"}],"author":[{"embeddable":true,"href":"https:\/\/oriaforcada.com\/muestra3\/wp-json\/wp\/v2\/users\/1"}],"replies":[{"embeddable":true,"href":"https:\/\/oriaforcada.com\/muestra3\/wp-json\/wp\/v2\/comments?post=30"}],"version-history":[{"count":143,"href":"https:\/\/oriaforcada.com\/muestra3\/wp-json\/wp\/v2\/pages\/30\/revisions"}],"predecessor-version":[{"id":1512,"href":"https:\/\/oriaforcada.com\/muestra3\/wp-json\/wp\/v2\/pages\/30\/revisions\/1512"}],"wp:attachment":[{"href":"https:\/\/oriaforcada.com\/muestra3\/wp-json\/wp\/v2\/media?parent=30"}],"curies":[{"name":"wp","href":"https:\/\/api.w.org\/{rel}","templated":true}]}}